{"id":193,"date":"2025-01-08T22:24:38","date_gmt":"2025-01-08T21:24:38","guid":{"rendered":"http:\/\/avztxka.cluster100.hosting.ovh.net\/?page_id=193"},"modified":"2025-01-14T10:01:20","modified_gmt":"2025-01-14T09:01:20","slug":"hypnose-grossesse-infertilite","status":"publish","type":"page","link":"https:\/\/www.hypnoter-et-mer.com\/index.php\/accueil\/hypnose-grossesse-infertilite\/","title":{"rendered":"Hypnose grossesse\/infertilit\u00e9"},"content":{"rendered":"\t\t<div data-elementor-type=\"wp-page\" data-elementor-id=\"193\" class=\"elementor elementor-193\">\n\t\t\t\t<div class=\"elementor-element elementor-element-24e4fb2c e-flex e-con-boxed e-con e-parent\" data-id=\"24e4fb2c\" data-element_type=\"container\" data-e-type=\"container\">\n\t\t\t\t\t<div class=\"e-con-inner\">\n\t\t\t\t<div class=\"elementor-element elementor-element-272b4c18 elementor-widget elementor-widget-text-editor\" data-id=\"272b4c18\" data-element_type=\"widget\" data-e-type=\"widget\" data-widget_type=\"text-editor.default\">\n\t\t\t\t<div class=\"elementor-widget-container\">\n\t\t\t\t\t\t\t\t\t\n<h2 class=\"wp-block-heading\">Hypnose grossesse\/infertilit\u00e9<\/h2>\n\n\n\n<p>Accompagnement lors de la grossesse mais aussi pour les personnes en parcours de PMA en infertilit\u00e9<\/p>\n\n\n\n<p><\/p>\n\t\t\t\t\t\t\t\t<\/div>\n\t\t\t\t<\/div>\n\t\t\t\t\t<\/div>\n\t\t\t\t<\/div>\n\t\t<div class=\"elementor-element elementor-element-7a173e2 e-flex e-con-boxed e-con e-parent\" data-id=\"7a173e2\" data-element_type=\"container\" data-e-type=\"container\">\n\t\t\t\t\t<div class=\"e-con-inner\">\n\t\t\t\t<div class=\"elementor-element elementor-element-3a87636 elementor-widget elementor-widget-text-editor\" data-id=\"3a87636\" data-element_type=\"widget\" data-e-type=\"widget\" data-widget_type=\"text-editor.default\">\n\t\t\t\t<div class=\"elementor-widget-container\">\n\t\t\t\t\t\t\t\t\t<p><span style=\"color: #000000;\"><span style=\"font-family: Abel, sans-serif;\"><span style=\"font-size: medium;\">L&rsquo;hypnose est utile notamment pour traiter des probl\u00e8mes d&rsquo;addictions diverses&nbsp;<\/span><\/span><\/span><\/p><p><span style=\"color: #000000;\"><span style=\"font-family: Abel, sans-serif;\"><span style=\"font-size: medium;\">(tabac, alcool, drogue, nourriture, smartphone), d&rsquo;anxi\u00e9t\u00e9, de phobie ou encore de troubles du sommeil, de burn-out, de d\u00e9pressions mais \u00e9galement pour des accompagnements en parcours de grossesse et de couple en infertilit\u00e9.<\/span><\/span><\/span><\/p>\t\t\t\t\t\t\t\t<\/div>\n\t\t\t\t<\/div>\n\t\t\t\t\t<\/div>\n\t\t\t\t<\/div>\n\t\t\t\t<\/div>\n\t\t","protected":false},"excerpt":{"rendered":"<p>Hypnose grossesse\/infertilit\u00e9 Accompagnement lors de la grossesse mais aussi pour les personnes en parcours de PMA en infertilit\u00e9 L&rsquo;hypnose est utile notamment pour traiter des probl\u00e8mes d&rsquo;addictions diverses&nbsp; (tabac, alcool, drogue, nourriture, smartphone), d&rsquo;anxi\u00e9t\u00e9, de phobie ou encore de troubles du sommeil, de burn-out, de d\u00e9pressions mais \u00e9galement pour des [&hellip;]<\/p>\n","protected":false},"author":1,"featured_media":149,"parent":58,"menu_order":0,"comment_status":"closed","ping_status":"closed","template":"","meta":{"om_disable_all_campaigns":false,"_monsterinsights_skip_tracking":false,"_monsterinsights_sitenote_active":false,"_monsterinsights_sitenote_note":"","_monsterinsights_sitenote_category":0,"footnotes":""},"class_list":["post-193","page","type-page","status-publish","has-post-thumbnail","hentry"],"aioseo_notices":[],"_links":{"self":[{"href":"https:\/\/www.hypnoter-et-mer.com\/index.php\/wp-json\/wp\/v2\/pages\/193","targetHints":{"allow":["GET"]}}],"collection":[{"href":"https:\/\/www.hypnoter-et-mer.com\/index.php\/wp-json\/wp\/v2\/pages"}],"about":[{"href":"https:\/\/www.hypnoter-et-mer.com\/index.php\/wp-json\/wp\/v2\/types\/page"}],"author":[{"embeddable":true,"href":"https:\/\/www.hypnoter-et-mer.com\/index.php\/wp-json\/wp\/v2\/users\/1"}],"replies":[{"embeddable":true,"href":"https:\/\/www.hypnoter-et-mer.com\/index.php\/wp-json\/wp\/v2\/comments?post=193"}],"version-history":[{"count":5,"href":"https:\/\/www.hypnoter-et-mer.com\/index.php\/wp-json\/wp\/v2\/pages\/193\/revisions"}],"predecessor-version":[{"id":283,"href":"https:\/\/www.hypnoter-et-mer.com\/index.php\/wp-json\/wp\/v2\/pages\/193\/revisions\/283"}],"up":[{"embeddable":true,"href":"https:\/\/www.hypnoter-et-mer.com\/index.php\/wp-json\/wp\/v2\/pages\/58"}],"wp:featuredmedia":[{"embeddable":true,"href":"https:\/\/www.hypnoter-et-mer.com\/index.php\/wp-json\/wp\/v2\/media\/149"}],"wp:attachment":[{"href":"https:\/\/www.hypnoter-et-mer.com\/index.php\/wp-json\/wp\/v2\/media?parent=193"}],"curies":[{"name":"wp","href":"https:\/\/api.w.org\/{rel}","templated":true}]}}