{"id":2,"date":"2025-01-08T12:53:24","date_gmt":"2025-01-08T11:53:24","guid":{"rendered":"http:\/\/avztxka.cluster100.hosting.ovh.net\/?page_id=2"},"modified":"2026-02-03T12:54:01","modified_gmt":"2026-02-03T11:54:01","slug":"page-d-exemple","status":"publish","type":"page","link":"https:\/\/www.hypnoter-et-mer.com\/index.php\/page-d-exemple\/","title":{"rendered":"Qui suis-je ?"},"content":{"rendered":"\t\t<div data-elementor-type=\"wp-page\" data-elementor-id=\"2\" class=\"elementor elementor-2\">\n\t\t\t\t<div class=\"elementor-element elementor-element-17e9fb16 e-flex e-con-boxed e-con e-parent\" data-id=\"17e9fb16\" data-element_type=\"container\" data-e-type=\"container\">\n\t\t\t\t\t<div class=\"e-con-inner\">\n\t\t\t\t<div class=\"elementor-element elementor-element-25170463 elementor-widget elementor-widget-text-editor\" data-id=\"25170463\" data-element_type=\"widget\" data-e-type=\"widget\" data-widget_type=\"text-editor.default\">\n\t\t\t\t<div class=\"elementor-widget-container\">\n\t\t\t\t\t\t\t\t\t<p class=\"has-text-align-left\"><strong>Lucie PINSON granvillaise et cart\u00e9sienne<\/strong><br \/>Passionn\u00e9e depuis toujours par le fonctionnement du corps humain et plus pr\u00e9cis\u00e9ment de notre cerveau, j&rsquo;ai d\u00e9couvert un jour l&rsquo;hypnose lors d&rsquo;une intervention chirurgicale, cela a \u00e9t\u00e9 pour moi une exp\u00e9rience extraordinaire.<br \/>Je me suis donc, \u00e0 la suite de cette intervention, pench\u00e9e un peu plus sur le sujet du<br \/>fonctionnement de l&rsquo;hypnose sur les diff\u00e9rentes parties de notre \u00e9tonnant cerveau.<\/p>\n<p class=\"has-text-align-left\"><\/p>\n<p><!-- \/wp:paragraph --><!-- wp:paragraph {\"align\":\"left\"} --><\/p>\n<p class=\"has-text-align-left\">ETHIQUE ET ENGAGEMENT<br \/>Le travail en s\u00e9ance est un travail d\u2019\u00e9quipe. Mon r\u00f4le est de tisser une relation de confiance et d\u2019\u00e9coute pour vous \u00e9clairer vers les changements que vous souhaitez entreprendre. L\u2019hypnose\u00a0n\u2019\u00e9tant pas magique, votre implication est essentielle pour que vous puissiez atteindre vos\u00a0objectifs.<\/p>\n<p class=\"has-text-align-left\">Je pr\u00e9cise que je ne suis ni m\u00e9decin, ni psychiatre, mais en revanche je travaille en \u00e9troite<br \/>collaboration avec eux. J\u2019oriente vers d\u2019autres professionnels si j\u2019estime que la th\u00e9rapie br\u00e8ve est\u00a0contre indiqu\u00e9e pour certaines pathologies pr\u00e9sentant des troubles psychotiques, ou si la\u00a0demande n\u2019est pas dans mes comp\u00e9tences.<\/p>\n<p class=\"has-text-align-left\">Les \u00e9changes que nous avons pendant les s\u00e9ances sont strictement priv\u00e9s et confidentiels.<\/p>\n<h1 class=\"has-text-align-left\"><\/h1>\n<p><!-- \/wp:paragraph --><\/p>\t\t\t\t\t\t\t\t<\/div>\n\t\t\t\t<\/div>\n\t\t\t\t\t<\/div>\n\t\t\t\t<\/div>\n\t\t\t\t<\/div>\n\t\t","protected":false},"excerpt":{"rendered":"<p>Lucie PINSON granvillaise et cart\u00e9siennePassionn\u00e9e depuis toujours par le fonctionnement du corps humain et plus pr\u00e9cis\u00e9ment de notre cerveau, j&rsquo;ai d\u00e9couvert un jour l&rsquo;hypnose lors d&rsquo;une intervention chirurgicale, cela a \u00e9t\u00e9 pour moi une exp\u00e9rience extraordinaire.Je me suis donc, \u00e0 la suite de cette intervention, pench\u00e9e un peu plus sur [&hellip;]<\/p>\n","protected":false},"author":1,"featured_media":353,"parent":0,"menu_order":0,"comment_status":"closed","ping_status":"open","template":"","meta":{"om_disable_all_campaigns":false,"_monsterinsights_skip_tracking":false,"_monsterinsights_sitenote_active":false,"_monsterinsights_sitenote_note":"","_monsterinsights_sitenote_category":0,"footnotes":""},"class_list":["post-2","page","type-page","status-publish","has-post-thumbnail","hentry"],"aioseo_notices":[],"_links":{"self":[{"href":"https:\/\/www.hypnoter-et-mer.com\/index.php\/wp-json\/wp\/v2\/pages\/2","targetHints":{"allow":["GET"]}}],"collection":[{"href":"https:\/\/www.hypnoter-et-mer.com\/index.php\/wp-json\/wp\/v2\/pages"}],"about":[{"href":"https:\/\/www.hypnoter-et-mer.com\/index.php\/wp-json\/wp\/v2\/types\/page"}],"author":[{"embeddable":true,"href":"https:\/\/www.hypnoter-et-mer.com\/index.php\/wp-json\/wp\/v2\/users\/1"}],"replies":[{"embeddable":true,"href":"https:\/\/www.hypnoter-et-mer.com\/index.php\/wp-json\/wp\/v2\/comments?post=2"}],"version-history":[{"count":13,"href":"https:\/\/www.hypnoter-et-mer.com\/index.php\/wp-json\/wp\/v2\/pages\/2\/revisions"}],"predecessor-version":[{"id":387,"href":"https:\/\/www.hypnoter-et-mer.com\/index.php\/wp-json\/wp\/v2\/pages\/2\/revisions\/387"}],"wp:featuredmedia":[{"embeddable":true,"href":"https:\/\/www.hypnoter-et-mer.com\/index.php\/wp-json\/wp\/v2\/media\/353"}],"wp:attachment":[{"href":"https:\/\/www.hypnoter-et-mer.com\/index.php\/wp-json\/wp\/v2\/media?parent=2"}],"curies":[{"name":"wp","href":"https:\/\/api.w.org\/{rel}","templated":true}]}}