{"id":233,"date":"2025-01-13T09:46:25","date_gmt":"2025-01-13T08:46:25","guid":{"rendered":"http:\/\/avztxka.cluster100.hosting.ovh.net\/?page_id=233"},"modified":"2025-03-18T13:25:59","modified_gmt":"2025-03-18T12:25:59","slug":"supervision","status":"publish","type":"page","link":"https:\/\/www.hypnoter-et-mer.com\/index.php\/accueil\/supervision\/","title":{"rendered":"Supervision"},"content":{"rendered":"\t\t<div data-elementor-type=\"wp-page\" data-elementor-id=\"233\" class=\"elementor elementor-233\">\n\t\t\t\t<div class=\"elementor-element elementor-element-107d5d27 e-flex e-con-boxed e-con e-parent\" data-id=\"107d5d27\" data-element_type=\"container\" data-e-type=\"container\">\n\t\t\t\t\t<div class=\"e-con-inner\">\n\t\t\t\t<div class=\"elementor-element elementor-element-61172f6a elementor-widget elementor-widget-text-editor\" data-id=\"61172f6a\" data-element_type=\"widget\" data-e-type=\"widget\" data-widget_type=\"text-editor.default\">\n\t\t\t\t<div class=\"elementor-widget-container\">\n\t\t\t\t\t\t\t\t\t\n<p><span style=\"font-size: 32px;\">Pourquoi faire de la supervision quand on est hypnoth\u00e9rapeute ?<\/span><\/p>\n<div class=\"elementor-element elementor-element-d354642 elementor-widget elementor-widget-heading\" data-id=\"d354642\" data-element_type=\"widget\" data-widget_type=\"heading.default\">\n<div class=\"elementor-widget-container\">\n<p class=\"elementor-heading-title elementor-size-default\">\u00c9VOLUER, AFFINER SA PRATIQUE ET GAGNER EN CONFIANCE<\/p>\n<\/div>\n<\/div>\n<div class=\"elementor-element elementor-element-f4962ea elementor-align-left elementor-icon-list--layout-traditional elementor-list-item-link-full_width elementor-widget elementor-widget-icon-list\" data-id=\"f4962ea\" data-element_type=\"widget\" data-widget_type=\"icon-list.default\">\n<div class=\"elementor-widget-container\">\n<p><span class=\"elementor-icon-list-text\"><strong>D\u00e9velopper tes comp\u00e9tences <\/strong>Affiner tes techniques, enrichir ton approche et explorer de nouvelles fa\u00e7ons d\u2019accompagner tes consultants.<\/span><\/p>\n<p><span class=\"elementor-icon-list-text\"><strong>Gagner en confiance <\/strong>\u00c9changer, poser tes questions et d\u00e9passer tes doutes pour te sentir plus serein(e) et align\u00e9(e) dans ton accompagnement.<\/span><\/p>\n<p><span class=\"elementor-icon-list-text\"><strong>Prendre du recul sur sa pratique <\/strong>Un espace pour analyser tes s\u00e9ances, comprendre ce qui fonctionne et identifier ce qui peut \u00eatre am\u00e9lior\u00e9.<\/span><\/p>\n<p><span class=\"elementor-icon-list-text\"><strong>Rompre l\u2019isolement et s\u2019inspirer <\/strong>\u00c9voluer au sein d\u2019un cadre bienveillant, partager tes exp\u00e9riences et b\u00e9n\u00e9ficier des retours d\u2019un regard ext\u00e9rieur \u00e9clair\u00e9.<\/span><\/p>\n<\/div>\n<\/div>\n<p>Prendre rendez-vous pour une supervision via la lien : <a href=\"https:\/\/perfactive.fr\/lucie-pinson\/new?location=0&amp;people=7103\">Perfactive<\/a><\/p>\n\n<p><\/p>\n\t\t\t\t\t\t\t\t<\/div>\n\t\t\t\t<\/div>\n\t\t\t\t\t<\/div>\n\t\t\t\t<\/div>\n\t\t<div class=\"elementor-element elementor-element-3c9386d e-flex e-con-boxed e-con e-parent\" data-id=\"3c9386d\" data-element_type=\"container\" data-e-type=\"container\">\n\t\t\t\t\t<div class=\"e-con-inner\">\n\t\t\t\t<div class=\"elementor-element elementor-element-7415a69 elementor-widget elementor-widget-image\" data-id=\"7415a69\" data-element_type=\"widget\" data-e-type=\"widget\" data-widget_type=\"image.default\">\n\t\t\t\t<div class=\"elementor-widget-container\">\n\t\t\t\t\t\t\t\t\t\t\t\t\t\t\t\t<a href=\"https:\/\/www.hypnoter-et-mer.com\/wp-content\/uploads\/2025\/01\/lucie-discussion.jpg\" data-elementor-open-lightbox=\"yes\" data-elementor-lightbox-title=\"lucie-discussion\" data-e-action-hash=\"#elementor-action%3Aaction%3Dlightbox%26settings%3DeyJpZCI6NywidXJsIjoiaHR0cHM6XC9cL3d3dy5oeXBub3Rlci1ldC1tZXIuY29tXC93cC1jb250ZW50XC91cGxvYWRzXC8yMDI1XC8wMVwvbHVjaWUtZGlzY3Vzc2lvbi5qcGcifQ%3D%3D\">\n\t\t\t\t\t\t\t<img fetchpriority=\"high\" decoding=\"async\" width=\"750\" height=\"500\" src=\"https:\/\/www.hypnoter-et-mer.com\/wp-content\/uploads\/2025\/01\/lucie-discussion-1024x683.jpg\" class=\"attachment-large size-large wp-image-7\" alt=\"\" srcset=\"https:\/\/www.hypnoter-et-mer.com\/wp-content\/uploads\/2025\/01\/lucie-discussion-1024x683.jpg 1024w, https:\/\/www.hypnoter-et-mer.com\/wp-content\/uploads\/2025\/01\/lucie-discussion-300x200.jpg 300w, https:\/\/www.hypnoter-et-mer.com\/wp-content\/uploads\/2025\/01\/lucie-discussion-768x512.jpg 768w, https:\/\/www.hypnoter-et-mer.com\/wp-content\/uploads\/2025\/01\/lucie-discussion-1536x1024.jpg 1536w, https:\/\/www.hypnoter-et-mer.com\/wp-content\/uploads\/2025\/01\/lucie-discussion.jpg 1920w\" sizes=\"(max-width: 750px) 100vw, 750px\" \/>\t\t\t\t\t\t\t\t<\/a>\n\t\t\t\t\t\t\t\t\t\t\t\t\t\t\t<\/div>\n\t\t\t\t<\/div>\n\t\t\t\t\t<\/div>\n\t\t\t\t<\/div>\n\t\t\t\t<\/div>\n\t\t","protected":false},"excerpt":{"rendered":"<p>Pourquoi faire de la supervision quand on est hypnoth\u00e9rapeute ? \u00c9VOLUER, AFFINER SA PRATIQUE ET GAGNER EN CONFIANCE D\u00e9velopper tes comp\u00e9tences Affiner tes techniques, enrichir ton approche et explorer de nouvelles fa\u00e7ons d\u2019accompagner tes consultants. Gagner en confiance \u00c9changer, poser tes questions et d\u00e9passer tes doutes pour te sentir plus [&hellip;]<\/p>\n","protected":false},"author":1,"featured_media":149,"parent":58,"menu_order":0,"comment_status":"closed","ping_status":"closed","template":"","meta":{"om_disable_all_campaigns":false,"_monsterinsights_skip_tracking":false,"_monsterinsights_sitenote_active":false,"_monsterinsights_sitenote_note":"","_monsterinsights_sitenote_category":0,"footnotes":""},"class_list":["post-233","page","type-page","status-publish","has-post-thumbnail","hentry"],"aioseo_notices":[],"_links":{"self":[{"href":"https:\/\/www.hypnoter-et-mer.com\/index.php\/wp-json\/wp\/v2\/pages\/233","targetHints":{"allow":["GET"]}}],"collection":[{"href":"https:\/\/www.hypnoter-et-mer.com\/index.php\/wp-json\/wp\/v2\/pages"}],"about":[{"href":"https:\/\/www.hypnoter-et-mer.com\/index.php\/wp-json\/wp\/v2\/types\/page"}],"author":[{"embeddable":true,"href":"https:\/\/www.hypnoter-et-mer.com\/index.php\/wp-json\/wp\/v2\/users\/1"}],"replies":[{"embeddable":true,"href":"https:\/\/www.hypnoter-et-mer.com\/index.php\/wp-json\/wp\/v2\/comments?post=233"}],"version-history":[{"count":10,"href":"https:\/\/www.hypnoter-et-mer.com\/index.php\/wp-json\/wp\/v2\/pages\/233\/revisions"}],"predecessor-version":[{"id":381,"href":"https:\/\/www.hypnoter-et-mer.com\/index.php\/wp-json\/wp\/v2\/pages\/233\/revisions\/381"}],"up":[{"embeddable":true,"href":"https:\/\/www.hypnoter-et-mer.com\/index.php\/wp-json\/wp\/v2\/pages\/58"}],"wp:featuredmedia":[{"embeddable":true,"href":"https:\/\/www.hypnoter-et-mer.com\/index.php\/wp-json\/wp\/v2\/media\/149"}],"wp:attachment":[{"href":"https:\/\/www.hypnoter-et-mer.com\/index.php\/wp-json\/wp\/v2\/media?parent=233"}],"curies":[{"name":"wp","href":"https:\/\/api.w.org\/{rel}","templated":true}]}}